{"id":231,"date":"2015-01-23T14:03:21","date_gmt":"2015-01-23T12:03:21","guid":{"rendered":"https:\/\/www.cs-mediation.de\/?page_id=231"},"modified":"2025-01-26T20:01:16","modified_gmt":"2025-01-26T18:01:16","slug":"publications","status":"publish","type":"page","link":"https:\/\/www.cs-mediation.de\/en\/about-me\/publications\/","title":{"rendered":"Publications"},"content":{"rendered":"<div id=\"pl-231\"  class=\"panel-layout\" ><div id=\"pg-231-0\"  class=\"panel-grid panel-no-style\" ><div id=\"pgc-231-0-0\"  class=\"panel-grid-cell\" ><div id=\"panel-231-0-0-0\" class=\"so-panel widget widget_black-studio-tinymce widget_black_studio_tinymce panel-first-child panel-last-child\" data-index=\"0\" ><div class=\"publikation panel-widget-style panel-widget-style-for-231-0-0-0\" ><div class=\"textwidget\"><h1>Publications<\/h1>\n<h2>MEDIATION<\/h2>\n<p><a href=\"https:\/\/www.cs-mediation.de\/wp-content\/uploads\/Mediation.pdf\">\u201eMediation \u2013 im Konflikt das Miteinander neu entdecken\" (PDF)<\/a><br \/>\nIn: Die Kunst zu Leben 03\/2009 (in German)<\/p>\n<h2>NEPAL: Mediation, Nonviolent Communication and Peacebuilding<\/h2>\n<p><a href=\"https:\/\/www.friendsofeurope.org\/insights\/on-its-way-to-stability-and-peace-nepals-multi-level-peace-process\/\">\"On its way to stability and peace: Nepal\u00b4s multi-level peace process\u201d<\/a><br \/>\nIn: Development Policy Forum 09\/2017 (Co-Author)<\/p>\n<p><a href=\"https:\/\/www.cs-mediation.de\/wp-content\/uploads\/Beitrag_Mediation_in_Nepal.pdf\">\u201cMediation in Nepal: Wo steht Nepal im Bereich der Gemeindemediation?\u201c (PDF)<\/a><br \/>\nIn: Spektrum der Mediation 03\/2013\u00a0(in German)<\/p>\n<p><a href=\"https:\/\/www.cs-mediation.de\/wp-content\/uploads\/Beitrag_Nepal_Sprache-und-Empathievermoegen.pdf\">\u201cNepal: Sprache und Empathieverm\u00f6gen als Schl\u00fcssel zur Verst\u00e4ndigung\" (PDF)<\/a><br \/>\nIn: Ziviler Friedensdienst (zfd) info 01\/2013\u00a0(in German)<\/p>\n<p><a href=\"https:\/\/www.youtube.com\/watch?v=yVu78zk0jqQ\" target=\"_blank\" rel=\"noopener\">Short film\u00a02011: Promoting Peace (Youtube)<\/a><br \/>\nThe German contribution to the peace process in Nepal: <a href=\"http:\/\/www.giz.de\/entwicklungsdienst\/en\/html\/1399.html\">Civil Peace Service (zfd)<\/a><\/p>\n<h2>SRI LANKA: Nonviolent Communication<\/h2>\n<p>02\/2010: Over 50 people from all over Sri Lanka joined for an intense training in \"Nonviolent Communication\".<br \/>\nCS Mediation supported as a Co-trainer.<br \/>\n<a href=\"https:\/\/www.cs-mediation.de\/wp-content\/uploads\/Sri-Lanka_NVC-Training-2010.pdf\">A field report (PDF)<\/a><\/p>\n<h2>RHETORIC: Scandalisation in\u00a0media<\/h2>\n<p><a href=\"https:\/\/www.cs-mediation.de\/wp-content\/uploads\/FJ_15_2004-Antike-Rhetorik-als-Werkzeug-moderner-Skandalierung.pdf\">\u201eAntike Rhetorik als Werkzeug moderner Skandalierung?\" (PDF)<\/a>, German<br \/>\nIn: Fachjournalist 15\/2004<i>\u00a0<\/i>(in German)<\/p>\n<p><a href=\"http:\/\/link.springer.com\/article\/10.1007%2Fs11616-003-0003-y\">\u201cScandals and grievances - The significance of language for the description of reality\u201d\u00a0(Link)<\/a><i>\u00a0<\/i><br \/>\nIn: Publizistik 01\/2003 (Abstract in English)<\/p>\n<\/div><\/div><\/div><\/div><\/div><\/div>","protected":false},"excerpt":{"rendered":"<p>Publications MEDIATION \u201eMediation \u2013 im Konflikt das Miteinander neu entdecken&#8221; (PDF) In: Die Kunst zu Leben 03\/2009 (in German) NEPAL: Mediation, Nonviolent Communication and Peacebuilding &#8220;On its way to stability and peace: Nepal\u00b4s multi-level peace process\u201d In: Development Policy Forum 09\/2017 (Co-Author) \u201cMediation in Nepal: Wo steht Nepal im Bereich der Gemeindemediation?\u201c (PDF) In: Spektrum &hellip; <a href=\"https:\/\/www.cs-mediation.de\/en\/about-me\/publications\/\" class=\"more-link\">Continue reading <span class=\"screen-reader-text\">Publications<\/span> <span class=\"meta-nav\">&rarr;<\/span><\/a><\/p>\n","protected":false},"author":3,"featured_media":0,"parent":128,"menu_order":1,"comment_status":"closed","ping_status":"closed","template":"","meta":{"_acf_changed":false,"footnotes":""},"class_list":["post-231","page","type-page","status-publish","hentry"],"acf":[],"yoast_head":"<!-- This site is optimized with the Yoast SEO plugin v27.5 - https:\/\/yoast.com\/product\/yoast-seo-wordpress\/ -->\n<title>PUBLICATIONS Claudia Schraewer \u2013 CS Mediation M\u00fcnchen<\/title>\n<meta name=\"description\" content=\"Publications about the topics of Nonviolent Communication in Nepal and Sri Lanka, mediation in Nepal, rhetoric, scandalisation in media and others.\" \/>\n<meta name=\"robots\" content=\"noindex, follow\" \/>\n<meta property=\"og:locale\" content=\"en_GB\" \/>\n<meta property=\"og:type\" content=\"article\" \/>\n<meta property=\"og:title\" content=\"PUBLICATIONS Claudia Schraewer \u2013 CS Mediation M\u00fcnchen\" \/>\n<meta property=\"og:description\" content=\"Publications about the topics of Nonviolent Communication in Nepal and Sri Lanka, mediation in Nepal, rhetoric, scandalisation in media and others.\" \/>\n<meta property=\"og:url\" content=\"https:\/\/www.cs-mediation.de\/en\/about-me\/publications\/\" \/>\n<meta property=\"og:site_name\" content=\"CS-Mediation Int.\" \/>\n<meta property=\"article:modified_time\" content=\"2025-01-26T18:01:16+00:00\" \/>\n<meta name=\"twitter:card\" content=\"summary_large_image\" \/>\n<meta name=\"twitter:label1\" content=\"Estimated reading time\" \/>\n\t<meta name=\"twitter:data1\" content=\"1 minute\" \/>\n<script type=\"application\/ld+json\" class=\"yoast-schema-graph\">{\"@context\":\"https:\\\/\\\/schema.org\",\"@graph\":[{\"@type\":\"WebPage\",\"@id\":\"https:\\\/\\\/www.cs-mediation.de\\\/en\\\/about-me\\\/publications\\\/\",\"url\":\"https:\\\/\\\/www.cs-mediation.de\\\/en\\\/about-me\\\/publications\\\/\",\"name\":\"PUBLICATIONS Claudia Schraewer \u2013 CS Mediation M\u00fcnchen\",\"isPartOf\":{\"@id\":\"https:\\\/\\\/www.cs-mediation.de\\\/en\\\/#website\"},\"datePublished\":\"2015-01-23T12:03:21+00:00\",\"dateModified\":\"2025-01-26T18:01:16+00:00\",\"description\":\"Publications about the topics of Nonviolent Communication in Nepal and Sri Lanka, mediation in Nepal, rhetoric, scandalisation in media and others.\",\"breadcrumb\":{\"@id\":\"https:\\\/\\\/www.cs-mediation.de\\\/en\\\/about-me\\\/publications\\\/#breadcrumb\"},\"inLanguage\":\"en-GB\",\"potentialAction\":[{\"@type\":\"ReadAction\",\"target\":[\"https:\\\/\\\/www.cs-mediation.de\\\/en\\\/about-me\\\/publications\\\/\"]}]},{\"@type\":\"BreadcrumbList\",\"@id\":\"https:\\\/\\\/www.cs-mediation.de\\\/en\\\/about-me\\\/publications\\\/#breadcrumb\",\"itemListElement\":[{\"@type\":\"ListItem\",\"position\":1,\"name\":\"Startseite\",\"item\":\"https:\\\/\\\/www.cs-mediation.de\\\/en\\\/\"},{\"@type\":\"ListItem\",\"position\":2,\"name\":\"About me\",\"item\":\"https:\\\/\\\/www.cs-mediation.de\\\/en\\\/about-me\\\/\"},{\"@type\":\"ListItem\",\"position\":3,\"name\":\"Publications\"}]},{\"@type\":\"WebSite\",\"@id\":\"https:\\\/\\\/www.cs-mediation.de\\\/en\\\/#website\",\"url\":\"https:\\\/\\\/www.cs-mediation.de\\\/en\\\/\",\"name\":\"CS-Mediation Int.\",\"description\":\"\",\"publisher\":{\"@id\":\"https:\\\/\\\/www.cs-mediation.de\\\/en\\\/#organization\"},\"potentialAction\":[{\"@type\":\"SearchAction\",\"target\":{\"@type\":\"EntryPoint\",\"urlTemplate\":\"https:\\\/\\\/www.cs-mediation.de\\\/en\\\/?s={search_term_string}\"},\"query-input\":{\"@type\":\"PropertyValueSpecification\",\"valueRequired\":true,\"valueName\":\"search_term_string\"}}],\"inLanguage\":\"en-GB\"},{\"@type\":\"Organization\",\"@id\":\"https:\\\/\\\/www.cs-mediation.de\\\/en\\\/#organization\",\"name\":\"CS Mediation\",\"url\":\"https:\\\/\\\/www.cs-mediation.de\\\/en\\\/\",\"logo\":{\"@type\":\"ImageObject\",\"inLanguage\":\"en-GB\",\"@id\":\"https:\\\/\\\/www.cs-mediation.de\\\/en\\\/#\\\/schema\\\/logo\\\/image\\\/\",\"url\":\"https:\\\/\\\/www.cs-mediation.de\\\/en\\\/wp-content\\\/uploads\\\/sites\\\/2\\\/2014\\\/11\\\/logo_cs-mediation_klein.jpg\",\"contentUrl\":\"https:\\\/\\\/www.cs-mediation.de\\\/en\\\/wp-content\\\/uploads\\\/sites\\\/2\\\/2014\\\/11\\\/logo_cs-mediation_klein.jpg\",\"width\":400,\"height\":352,\"caption\":\"CS Mediation\"},\"image\":{\"@id\":\"https:\\\/\\\/www.cs-mediation.de\\\/en\\\/#\\\/schema\\\/logo\\\/image\\\/\"}}]}<\/script>\n<!-- \/ Yoast SEO plugin. -->","yoast_head_json":{"title":"PUBLICATIONS Claudia Schraewer \u2013 CS Mediation M\u00fcnchen","description":"Publications about the topics of Nonviolent Communication in Nepal and Sri Lanka, mediation in Nepal, rhetoric, scandalisation in media and others.","robots":{"index":"noindex","follow":"follow"},"og_locale":"en_GB","og_type":"article","og_title":"PUBLICATIONS Claudia Schraewer \u2013 CS Mediation M\u00fcnchen","og_description":"Publications about the topics of Nonviolent Communication in Nepal and Sri Lanka, mediation in Nepal, rhetoric, scandalisation in media and others.","og_url":"https:\/\/www.cs-mediation.de\/en\/about-me\/publications\/","og_site_name":"CS-Mediation Int.","article_modified_time":"2025-01-26T18:01:16+00:00","twitter_card":"summary_large_image","twitter_misc":{"Estimated reading time":"1 minute"},"schema":{"@context":"https:\/\/schema.org","@graph":[{"@type":"WebPage","@id":"https:\/\/www.cs-mediation.de\/en\/about-me\/publications\/","url":"https:\/\/www.cs-mediation.de\/en\/about-me\/publications\/","name":"PUBLICATIONS Claudia Schraewer \u2013 CS Mediation M\u00fcnchen","isPartOf":{"@id":"https:\/\/www.cs-mediation.de\/en\/#website"},"datePublished":"2015-01-23T12:03:21+00:00","dateModified":"2025-01-26T18:01:16+00:00","description":"Publications about the topics of Nonviolent Communication in Nepal and Sri Lanka, mediation in Nepal, rhetoric, scandalisation in media and others.","breadcrumb":{"@id":"https:\/\/www.cs-mediation.de\/en\/about-me\/publications\/#breadcrumb"},"inLanguage":"en-GB","potentialAction":[{"@type":"ReadAction","target":["https:\/\/www.cs-mediation.de\/en\/about-me\/publications\/"]}]},{"@type":"BreadcrumbList","@id":"https:\/\/www.cs-mediation.de\/en\/about-me\/publications\/#breadcrumb","itemListElement":[{"@type":"ListItem","position":1,"name":"Startseite","item":"https:\/\/www.cs-mediation.de\/en\/"},{"@type":"ListItem","position":2,"name":"About me","item":"https:\/\/www.cs-mediation.de\/en\/about-me\/"},{"@type":"ListItem","position":3,"name":"Publications"}]},{"@type":"WebSite","@id":"https:\/\/www.cs-mediation.de\/en\/#website","url":"https:\/\/www.cs-mediation.de\/en\/","name":"CS-Mediation Int.","description":"","publisher":{"@id":"https:\/\/www.cs-mediation.de\/en\/#organization"},"potentialAction":[{"@type":"SearchAction","target":{"@type":"EntryPoint","urlTemplate":"https:\/\/www.cs-mediation.de\/en\/?s={search_term_string}"},"query-input":{"@type":"PropertyValueSpecification","valueRequired":true,"valueName":"search_term_string"}}],"inLanguage":"en-GB"},{"@type":"Organization","@id":"https:\/\/www.cs-mediation.de\/en\/#organization","name":"CS Mediation","url":"https:\/\/www.cs-mediation.de\/en\/","logo":{"@type":"ImageObject","inLanguage":"en-GB","@id":"https:\/\/www.cs-mediation.de\/en\/#\/schema\/logo\/image\/","url":"https:\/\/www.cs-mediation.de\/en\/wp-content\/uploads\/sites\/2\/2014\/11\/logo_cs-mediation_klein.jpg","contentUrl":"https:\/\/www.cs-mediation.de\/en\/wp-content\/uploads\/sites\/2\/2014\/11\/logo_cs-mediation_klein.jpg","width":400,"height":352,"caption":"CS Mediation"},"image":{"@id":"https:\/\/www.cs-mediation.de\/en\/#\/schema\/logo\/image\/"}}]}},"_links":{"self":[{"href":"https:\/\/www.cs-mediation.de\/en\/wp-json\/wp\/v2\/pages\/231","targetHints":{"allow":["GET"]}}],"collection":[{"href":"https:\/\/www.cs-mediation.de\/en\/wp-json\/wp\/v2\/pages"}],"about":[{"href":"https:\/\/www.cs-mediation.de\/en\/wp-json\/wp\/v2\/types\/page"}],"author":[{"embeddable":true,"href":"https:\/\/www.cs-mediation.de\/en\/wp-json\/wp\/v2\/users\/3"}],"replies":[{"embeddable":true,"href":"https:\/\/www.cs-mediation.de\/en\/wp-json\/wp\/v2\/comments?post=231"}],"version-history":[{"count":22,"href":"https:\/\/www.cs-mediation.de\/en\/wp-json\/wp\/v2\/pages\/231\/revisions"}],"predecessor-version":[{"id":1003,"href":"https:\/\/www.cs-mediation.de\/en\/wp-json\/wp\/v2\/pages\/231\/revisions\/1003"}],"up":[{"embeddable":true,"href":"https:\/\/www.cs-mediation.de\/en\/wp-json\/wp\/v2\/pages\/128"}],"wp:attachment":[{"href":"https:\/\/www.cs-mediation.de\/en\/wp-json\/wp\/v2\/media?parent=231"}],"curies":[{"name":"wp","href":"https:\/\/api.w.org\/{rel}","templated":true}]}}